{"id":75,"date":"2017-07-03T12:26:41","date_gmt":"2017-07-03T15:26:41","guid":{"rendered":"http:\/\/ppgep.org.br\/new\/en\/?page_id=75"},"modified":"2017-07-03T20:42:18","modified_gmt":"2017-07-03T23:42:18","slug":"institutional","status":"publish","type":"page","link":"https:\/\/ppgep.org.br\/en\/institutional\/","title":{"rendered":"Institutional"},"content":{"rendered":"<p><strong>Postgraduate Program in Production Engineering (Management Engineering)<br \/>\n<\/strong>The Postgraduate Program in Production Engineering (Management Engineering) (PPGEP) of the Federal University of Pernambuco (UFPE) was formally begun in 1998 and today is among the best in the top four of Brazil.<br \/>\nOur faculty members and research groups have extensive international connections and interactions with recognized universities around the world, in countries such as England, Portugal, Belgium and Canada. This special characteristic allows us to offer a range of opportunities for our postgraduate students to study in another country as part of their program.<br \/>\nWe also offer opportunities for international postgraduate students to study at PPGEP:<br \/>\n&#8211; MSc and PhD Program (full &#8211; time student)We have vacancies for postgraduate students who want to study full time at PPGEP and obtain the PhD degree in Brazil.<\/p>\n<p><strong>International Exchanges<\/strong><br \/>\nWe are open to receive postgraduate students from abroad universities and partner institutions who are able to spend a minimum of 3 months studying and researching at PPGEP.<\/p>\n<p><strong>Applicants<\/strong><br \/>\nTeachers, Researchers, and Professionals from Universities, Research Centres and Companies in the Industrial and Services areas.\u00a0Foreigners Students without residence in Brazil.<\/p>\n<p><strong>Focus of our doctorate and master<\/strong><br \/>\nStudies related to the Program research projects<\/p>\n<p><strong>Research Areas<\/strong><br \/>\n&#8211; Production Management<br \/>\n&#8211; Operational Research<\/p>\n<p><strong>Financial Support<\/strong><br \/>\nThe Program PEC-PG offers vacancies without enrolment fee in Brazilian Universities. Besides, they pay monthly R$ 1.500,00 (master degree) and R$ 2.300,00 (PhD degree).<br \/>\nMore information: <a href=\"http:\/\/www.dce.mre.gov.br\/PEC\/PECPG.html\">PEC-PG: PROGRAMA DE ESTUDANTES-CONV\u00caNIO DE P\u00d3S-GRADUA\u00c7\u00c3O<\/a><\/p>\n","protected":false},"excerpt":{"rendered":"<p>Postgraduate Program in Production Engineering (Management Engineering) The Postgraduate Program in Production Engineering (Management Engineering) (PPGEP) of the Federal University of Pernambuco (UFPE) was formally begun in 1998 and today is among the best in the top four of Brazil. Our faculty members and research groups have extensive international connections and interactions with recognized universities [&hellip;]<\/p>\n","protected":false},"author":1,"featured_media":0,"parent":0,"menu_order":0,"comment_status":"closed","ping_status":"closed","template":"","meta":{"footnotes":""},"class_list":["post-75","page","type-page","status-publish","hentry"],"_links":{"self":[{"href":"https:\/\/ppgep.org.br\/en\/wp-json\/wp\/v2\/pages\/75","targetHints":{"allow":["GET"]}}],"collection":[{"href":"https:\/\/ppgep.org.br\/en\/wp-json\/wp\/v2\/pages"}],"about":[{"href":"https:\/\/ppgep.org.br\/en\/wp-json\/wp\/v2\/types\/page"}],"author":[{"embeddable":true,"href":"https:\/\/ppgep.org.br\/en\/wp-json\/wp\/v2\/users\/1"}],"replies":[{"embeddable":true,"href":"https:\/\/ppgep.org.br\/en\/wp-json\/wp\/v2\/comments?post=75"}],"version-history":[{"count":5,"href":"https:\/\/ppgep.org.br\/en\/wp-json\/wp\/v2\/pages\/75\/revisions"}],"predecessor-version":[{"id":87,"href":"https:\/\/ppgep.org.br\/en\/wp-json\/wp\/v2\/pages\/75\/revisions\/87"}],"wp:attachment":[{"href":"https:\/\/ppgep.org.br\/en\/wp-json\/wp\/v2\/media?parent=75"}],"curies":[{"name":"wp","href":"https:\/\/api.w.org\/{rel}","templated":true}]}}