{"id":35,"date":"2017-06-06T09:02:02","date_gmt":"2017-06-06T12:02:02","guid":{"rendered":"http:\/\/ppgep.org.br\/new\/en\/?page_id=35"},"modified":"2017-07-03T13:52:14","modified_gmt":"2017-07-03T16:52:14","slug":"general-information","status":"publish","type":"page","link":"https:\/\/ppgep.org.br\/en\/general-information\/","title":{"rendered":"General Information"},"content":{"rendered":"<p><span style=\"font-weight: normal !msorm;\"><strong>GENERAL INFORMATION TO NEW STUDENTS ENROLING AT THE PPGEP-UFPE:<\/strong><\/span><\/p>\n<p>University Map:<\/p>\n<p><a href=\"http:\/\/www.ufpe.br\/ufpenova\/images\/mapa_ufpe_simples1.jpg\">http:\/\/www.ufpe.br\/ufpenova\/images\/mapa_ufpe_simples1.jpg<\/a><\/p>\n<h1><\/h1>\n<p><strong>Meals<\/strong><\/p>\n<p>UFPE&#8217;s University Restaurant is located on Avenida dosReitores and is open from 11am to 2pm and from 5pm to 7pm Mondays to Fridays. The weekly menu, meal vouchers, among other information, are available at\u00a0<a href=\"http:\/\/www.ufpe.br\/restaurante\/\">http:\/\/www.ufpe.br\/restaurante\/<\/a>.<\/p>\n<p>Each Academic Centre usually has its own restaurant or Cafeteria and there is a variety of restaurants located around the University. Customers have the option of paying a fixed price for the meal or opt to pay per kilo of food.<\/p>\n<p><strong>Transportation<\/strong><\/p>\n<p><strong>&#8211; Bus lines serving the Re<\/strong><strong>cife campus<\/strong><\/p>\n<p>For information on public transportation in Recife, visit www.granderecife.pe.gov.br. Some bus lines that travel to the Recife campus are listed below:<\/p>\n<p><strong>\u00a0<\/strong><strong>From Centro (Conde da Boa Vista) \u2013 to UFPE<\/strong><\/p>\n<p>432 &#8211; CDU (V\u00e1rzea)<\/p>\n<p><strong>Terminal Integrado Tancredo Neves &#8211; to UFPE<\/strong><\/p>\n<p>060 &#8211; TI Tancredo Neves\/ TI Macaxeira<\/p>\n<p><strong>From Boa Viagem \u2013 to UFPE<\/strong><\/p>\n<p>440 &#8211; CDU\/Caxang\u00e1\/Boa Viagem<\/p>\n<p>040 &#8211; CDU\/Boa Viagem\u00a0Caxang\u00e1<\/p>\n<p><strong>From Casa Amarela \u2013 to UFPE<\/strong><\/p>\n<p>330 &#8211; Casa Amarela\/CDU<\/p>\n<p><strong>From Olinda \u2013 to UFPE<\/strong><\/p>\n<p>2920 &#8211; Rio Doce\/CDU<\/p>\n<p><strong>Other lines that can be used<\/strong><\/p>\n<p>351 &#8211; Curado II\/ TI TIP<\/p>\n<p>303 &#8211; Curado II\/\u00a0Caxang\u00e1\u00a0(BR-232)<\/p>\n<p>522 &#8211; Dois Irm\u00e3os (Rui Barbosa)<\/p>\n<p>202 &#8211; Barro\/ Macaxeira (V\u00e1rzea)<\/p>\n<p>431 &#8211; Cidade Universit\u00e1ria<\/p>\n<p>424 &#8211; CDU\/ Torr\u00f5es (Via\u00a0San\u00a0Martin)<\/p>\n<p>*Schedules and routes for the previously mentioned lines can be found at:\u00a0<a href=\"http:\/\/200.238.84.28\/site\/consulta\/itinerarios.asp\">http:\/\/200.238.84.28\/site\/consulta\/itinerarios.asp<\/a><\/p>\n<p><strong>\u00a0<\/strong><strong>&#8211; Taxis<\/strong><\/p>\n<p>In addition to taxis stands in various locations in the city, there are also cooperatives, some of which work in a variety of payment terms. Some of those include:<\/p>\n<ul>\n<li>Teletaxi: 81-2121.4242 (cash or credit\/debit card and requested through ANDROID SMARTPHONE OR IPHONE);<\/li>\n<li>Coopertaxi: 81-3424.8944;<\/li>\n<li>Servi Taxi Recife: 81-2122.0202.<\/li>\n<\/ul>\n<p>&nbsp;<\/p>\n<p><strong>&#8211;<\/strong>\u00a0<strong>Applications<\/strong><\/p>\n<p>Apps that request rides, which connect registered drivers with users through the cell phone, are also options for transport in the Metropolitan Region of Recife. Some applications include: Uber, 99 Taxis, Easy Taxi.<\/p>\n<h1><\/h1>\n<p><strong>Shopping<\/strong><\/p>\n<p><strong>&#8211; Food<\/strong><\/p>\n<p>There are several large supermarkets around the city, such as <em>Hiperbompre\u00e7o<\/em>, <em>Carrefour<\/em>, <em>P\u00e3o de A\u00e7\u00facar, Comprebem<\/em> and <em>Extra<\/em>, among others.<\/p>\n<p>&nbsp;<\/p>\n<p><strong>&#8211; Shopping<\/strong><strong>\u00a0<\/strong><strong>Cent<\/strong><strong>re<\/strong><strong>s<\/strong><\/p>\n<p>Shopping Centre Recife \u2013located in the Boa Viagem neighbourhood<\/p>\n<p>Shopping Rio Mar \u2013located in the Pina neighbourhood<\/p>\n<p>Shopping Boa Vista \u2013located in the Boa Vista neighbourhood<\/p>\n<p>Shopping Guararapes\u2013located in thePiedadeneighbourhood inJaboat\u00e3o dos Guararapes<\/p>\n<p>Shopping\u00a0Tacaruna\u00a0&#8211; between Recife andOlinda<\/p>\n<p>Shopping Plaza \u2013located in the Casa Forte neighbourhood<\/p>\n<p>&nbsp;<\/p>\n<p><strong>&#8211; Housing<\/strong><\/p>\n<p>Generally, there are usually student republics, boarding houses and family houses that rent rooms within the vicinity of the University, whose prices vary according to the type of accommodation (collective or individual room, whether or not there are meals and internet included). A list of some accommodation options are displayed below.<\/p>\n<p>&nbsp;<\/p>\n<p>*Pousada Pinheiros<\/p>\n<p>Rua Coronel C\u00e9lio\u00a0Regueira, 96. Cidade Universit\u00e1ria, Recife &#8211; PE<\/p>\n<p>CEP: 50740-510. Fone: 81 3273-1212<br \/>\nwww.pousadapinheiros.com.br<\/p>\n<p>* Resid\u00eancia das Palmeiras<br \/>\nRua\u00a0Mauriceia, 474. Cidade Universit\u00e1ria, Recife &#8211; PE<br \/>\nCEP: 50670-480. Fone: 81\u00a03031-6219<br \/>\nwww.residenciadaspalmeiras.com.br<\/p>\n<p>* Casa da V\u00e1rzea<br \/>\nRua Mendes Martins, 76. V\u00e1rzea,\u00a0Recife-PE<br \/>\nCEP: 50741-040. Fone: 81 3271-2369<br \/>\nwww.casadavarzea.com.br<\/p>\n<p>* Pensionato Estudantil<br \/>\nRua Artur Wanderley, 405. V\u00e1rzea,\u00a0Recife-PE<br \/>\nCEP: 50740-310. Fone: 81 99700-5753 \/ 99719-8899<br \/>\nwww.pensionatoestudantilrecife.com<\/p>\n<p>* Pensionato Cidade Universit\u00e1ria<br \/>\nRua Professor Antonio Coelho, 915. Cidade Universit\u00e1ria,\u00a0Recife-PE<br \/>\nCEP: 50740-020. Fone: 81 99743-3232<br \/>\nhttps:\/\/www.facebook.com\/Pensionato-Cidade-Universit%C3%A1ria-498909096890763\/timeline\/<\/p>\n<p>&nbsp;<\/p>\n<p><span style=\"font-weight: normal !msorm;\"><strong>FAQ (Frequently Asked Questions)<\/strong><\/span><\/p>\n","protected":false},"excerpt":{"rendered":"<p>GENERAL INFORMATION TO NEW STUDENTS ENROLING AT THE PPGEP-UFPE: University Map: http:\/\/www.ufpe.br\/ufpenova\/images\/mapa_ufpe_simples1.jpg Meals UFPE&#8217;s University Restaurant is located on Avenida dosReitores and is open from 11am to 2pm and from 5pm to 7pm Mondays to Fridays. The weekly menu, meal vouchers, among other information, are available at\u00a0http:\/\/www.ufpe.br\/restaurante\/. Each Academic Centre usually has its own restaurant [&hellip;]<\/p>\n","protected":false},"author":1,"featured_media":0,"parent":0,"menu_order":0,"comment_status":"closed","ping_status":"closed","template":"","meta":{"footnotes":""},"class_list":["post-35","page","type-page","status-publish","hentry"],"_links":{"self":[{"href":"https:\/\/ppgep.org.br\/en\/wp-json\/wp\/v2\/pages\/35","targetHints":{"allow":["GET"]}}],"collection":[{"href":"https:\/\/ppgep.org.br\/en\/wp-json\/wp\/v2\/pages"}],"about":[{"href":"https:\/\/ppgep.org.br\/en\/wp-json\/wp\/v2\/types\/page"}],"author":[{"embeddable":true,"href":"https:\/\/ppgep.org.br\/en\/wp-json\/wp\/v2\/users\/1"}],"replies":[{"embeddable":true,"href":"https:\/\/ppgep.org.br\/en\/wp-json\/wp\/v2\/comments?post=35"}],"version-history":[{"count":2,"href":"https:\/\/ppgep.org.br\/en\/wp-json\/wp\/v2\/pages\/35\/revisions"}],"predecessor-version":[{"id":85,"href":"https:\/\/ppgep.org.br\/en\/wp-json\/wp\/v2\/pages\/35\/revisions\/85"}],"wp:attachment":[{"href":"https:\/\/ppgep.org.br\/en\/wp-json\/wp\/v2\/media?parent=35"}],"curies":[{"name":"wp","href":"https:\/\/api.w.org\/{rel}","templated":true}]}}